{"id":20,"date":"2025-05-14T21:19:24","date_gmt":"2025-05-14T19:19:24","guid":{"rendered":"https:\/\/bluebright.fr\/?page_id=20"},"modified":"2025-05-15T07:54:15","modified_gmt":"2025-05-15T05:54:15","slug":"a-propos","status":"publish","type":"page","link":"https:\/\/bluebright.fr\/index.php\/a-propos\/","title":{"rendered":"A propos"},"content":{"rendered":"\n<h2 class=\"wp-block-heading\">Notre Mission : B\u00e2tir l&rsquo;Entreprise Agile et Responsable de Demain avec l&rsquo;IA<\/h2>\n\n\n\n<p>L&rsquo;\u00e8re de l&rsquo;IA n&rsquo;est pas qu&rsquo;une r\u00e9volution technologique, c&rsquo;est une transformation structurelle de l&rsquo;entreprise et un puissant levier de changement pour le monde. <\/p>\n\n\n\n<p>Bluebright est n\u00e9 de la conviction que les organisations capables de s&rsquo;adapter et d&rsquo;int\u00e9grer intelligemment l&rsquo;intelligence artificielle, dans le respect des principes \u00e9thiques et de durabilit\u00e9, seront celles qui prosp\u00e9reront et contribueront positivement \u00e0 l&rsquo;avenir. <\/p>\n\n\n\n<p>Notre vision est ambitieuse : faciliter la reconfiguration des entreprises en temps r\u00e9el en d\u00e9veloppant une approche novatrice bas\u00e9e sur les Business Capabilities et l&rsquo;int\u00e9gration d&rsquo;Agents IA autonomes. C&rsquo;est le \u00ab\u00a0Way to billions\u00a0\u00bb que nous tra\u00e7ons, un chemin vers une performance sans pr\u00e9c\u00e9dent et une agilit\u00e9 redoutable, mais toujours guid\u00e9 par un engagement profond envers une croissance responsable. <\/p>\n\n\n\n<p>Nous sommes profond\u00e9ment attach\u00e9s aux principes ESG (Environnementaux, Sociaux et de Gouvernance). Nous alignons notre approche et encourageons l&rsquo;utilisation de l&rsquo;IA en soutien aux Objectifs de D\u00e9veloppement Durable (ODD) d\u00e9finis par les Nations Unies, convaincus que la technologie et l&rsquo;innovation sont des forces pour relever les d\u00e9fis globaux. <\/p>\n\n\n\n<p>Notre \u00e9quipe combine une expertise pointue en Architecture d&rsquo;Entreprise, en Intelligence Artificielle sous toutes ses formes (ML, GenAI, Agentique) et en management de l&rsquo;innovation. <\/p>\n\n\n\n<p>Nous croyons en une approche pragmatique, ax\u00e9e sur la cr\u00e9ation de valeur tangible qui int\u00e8gre les dimensions d&rsquo;impact environnemental r\u00e9duit, de bien-\u00eatre soci\u00e9tal au sens large et de gouvernance transparente. Chez Bluebright, nous ne nous contentons pas de parler d&rsquo;IA ; nous aidons \u00e0 la rendre op\u00e9rationnelle, \u00e9thique, durable et g\u00e9n\u00e9ratrice de valeur globale.<\/p>\n\n\n\n<div class=\"wp-block-uagb-image uagb-block-3ee940a5 wp-block-uagb-image--layout-default wp-block-uagb-image--effect-static wp-block-uagb-image--align-none\"><figure class=\"wp-block-uagb-image__figure\"><img decoding=\"async\" srcset=\"https:\/\/bluebright.fr\/wp-content\/uploads\/2025\/05\/1000146929-1024x563.jpg ,https:\/\/bluebright.fr\/wp-content\/uploads\/2025\/05\/1000146929.jpg 780w, https:\/\/bluebright.fr\/wp-content\/uploads\/2025\/05\/1000146929.jpg 360w\" sizes=\"auto, (max-width: 480px) 150px\" src=\"https:\/\/bluebright.fr\/wp-content\/uploads\/2025\/05\/1000146929-1024x563.jpg\" alt=\"\" class=\"uag-image-86\" width=\"1600\" height=\"879\" title=\"1000146929\" loading=\"lazy\" role=\"img\"\/><\/figure><\/div>\n","protected":false},"excerpt":{"rendered":"<p>Notre Mission : B\u00e2tir l&rsquo;Entreprise Agile et Responsable de Demain avec l&rsquo;IA L&rsquo;\u00e8re de l&rsquo;IA n&rsquo;est pas qu&rsquo;une r\u00e9volution technologique, c&rsquo;est une transformation structurelle de l&rsquo;entreprise et un puissant levier de changement pour le monde. Bluebright est n\u00e9 de la conviction que les organisations capables de s&rsquo;adapter et d&rsquo;int\u00e9grer intelligemment l&rsquo;intelligence artificielle, dans le respect&hellip;&nbsp;<a href=\"https:\/\/bluebright.fr\/index.php\/a-propos\/\" rel=\"bookmark\">Lire la suite &raquo;<span class=\"screen-reader-text\">A propos<\/span><\/a><\/p>\n","protected":false},"author":1,"featured_media":0,"parent":0,"menu_order":0,"comment_status":"closed","ping_status":"closed","template":"","meta":{"_uag_custom_page_level_css":"","neve_meta_sidebar":"","neve_meta_container":"","neve_meta_enable_content_width":"","neve_meta_content_width":0,"neve_meta_title_alignment":"","neve_meta_author_avatar":"","neve_post_elements_order":"","neve_meta_disable_header":"","neve_meta_disable_footer":"","neve_meta_disable_title":"","footnotes":""},"class_list":["post-20","page","type-page","status-publish","hentry"],"aioseo_notices":[],"uagb_featured_image_src":{"full":false,"thumbnail":false,"medium":false,"medium_large":false,"large":false,"1536x1536":false,"2048x2048":false,"neve-blog":false},"uagb_author_info":{"display_name":false,"author_link":"https:\/\/bluebright.fr\/index.php\/author\/admin3817\/"},"uagb_comment_info":0,"uagb_excerpt":"Notre Mission : B\u00e2tir l&rsquo;Entreprise Agile et Responsable de Demain avec l&rsquo;IA L&rsquo;\u00e8re de l&rsquo;IA n&rsquo;est pas qu&rsquo;une r\u00e9volution technologique, c&rsquo;est une transformation structurelle de l&rsquo;entreprise et un puissant levier de changement pour le monde. Bluebright est n\u00e9 de la conviction que les organisations capables de s&rsquo;adapter et d&rsquo;int\u00e9grer intelligemment l&rsquo;intelligence artificielle, dans le respect&hellip;&nbsp;Lire\u2026","_links":{"self":[{"href":"https:\/\/bluebright.fr\/index.php\/wp-json\/wp\/v2\/pages\/20","targetHints":{"allow":["GET"]}}],"collection":[{"href":"https:\/\/bluebright.fr\/index.php\/wp-json\/wp\/v2\/pages"}],"about":[{"href":"https:\/\/bluebright.fr\/index.php\/wp-json\/wp\/v2\/types\/page"}],"author":[{"embeddable":true,"href":"https:\/\/bluebright.fr\/index.php\/wp-json\/wp\/v2\/users\/1"}],"replies":[{"embeddable":true,"href":"https:\/\/bluebright.fr\/index.php\/wp-json\/wp\/v2\/comments?post=20"}],"version-history":[{"count":7,"href":"https:\/\/bluebright.fr\/index.php\/wp-json\/wp\/v2\/pages\/20\/revisions"}],"predecessor-version":[{"id":87,"href":"https:\/\/bluebright.fr\/index.php\/wp-json\/wp\/v2\/pages\/20\/revisions\/87"}],"wp:attachment":[{"href":"https:\/\/bluebright.fr\/index.php\/wp-json\/wp\/v2\/media?parent=20"}],"curies":[{"name":"wp","href":"https:\/\/api.w.org\/{rel}","templated":true}]}}